{"id":2799,"date":"2022-08-10T22:07:56","date_gmt":"2022-08-10T22:07:56","guid":{"rendered":"https:\/\/ardey.com.ec\/?post_type=product&#038;p=2799"},"modified":"2022-08-20T17:05:07","modified_gmt":"2022-08-20T17:05:07","slug":"tadem-aeropuerto-2p-sin-tapiz","status":"publish","type":"product","link":"https:\/\/ardey.com.ec\/?product=tadem-aeropuerto-2p-sin-tapiz","title":{"rendered":"T\u00e1ndem Aeropuerto"},"content":{"rendered":"","protected":false},"excerpt":{"rendered":"<div class=\"fusion-text fusion-text-6\">\n<h1><strong>TANDEM AEROPUERTO\u00a0<\/strong><\/h1>\n<ul>\n<li>Estructura laminada perforada<\/li>\n<li>Opci\u00f3n\u00a0 sin tapiz<\/li>\n<li>Asiento y espaldar met\u00e1lico<\/li>\n<li>Apoyabrazos met\u00e1licos cromados<\/li>\n<li>Travesa\u00f1o met\u00e1lico con pintura electrost\u00e1tica en color negro.<\/li>\n<li>Patas met\u00e1licas en met\u00e1licas cromado con niveladores.<\/li>\n<li>Disponible en 2-3 o 4 asientos<\/li>\n<\/ul>\n<\/div>\n<div class=\"fusion-sep-clear\"><\/div>\n<div class=\"fusion-separator fusion-no-small-visibility fusion-full-width-sep\"><\/div>\n","protected":false},"featured_media":2743,"template":"","meta":{"_joinchat":{"message_send":"Hola necesito informaci\u00f3n del T\u00e1ndem Aeropuerto sin tapizar"}},"product_cat":[26,43],"product_tag":[],"_links":{"self":[{"href":"https:\/\/ardey.com.ec\/index.php?rest_route=\/wp\/v2\/product\/2799"}],"collection":[{"href":"https:\/\/ardey.com.ec\/index.php?rest_route=\/wp\/v2\/product"}],"about":[{"href":"https:\/\/ardey.com.ec\/index.php?rest_route=\/wp\/v2\/types\/product"}],"wp:featuredmedia":[{"embeddable":true,"href":"https:\/\/ardey.com.ec\/index.php?rest_route=\/wp\/v2\/media\/2743"}],"wp:attachment":[{"href":"https:\/\/ardey.com.ec\/index.php?rest_route=%2Fwp%2Fv2%2Fmedia&parent=2799"}],"wp:term":[{"taxonomy":"product_cat","embeddable":true,"href":"https:\/\/ardey.com.ec\/index.php?rest_route=%2Fwp%2Fv2%2Fproduct_cat&post=2799"},{"taxonomy":"product_tag","embeddable":true,"href":"https:\/\/ardey.com.ec\/index.php?rest_route=%2Fwp%2Fv2%2Fproduct_tag&post=2799"}],"curies":[{"name":"wp","href":"https:\/\/api.w.org\/{rel}","templated":true}]}}