{"id":1787,"date":"2021-08-19T20:39:45","date_gmt":"2021-08-19T20:39:45","guid":{"rendered":"https:\/\/ardey.com.ec\/?post_type=product&#038;p=1787"},"modified":"2022-08-20T17:25:22","modified_gmt":"2022-08-20T17:25:22","slug":"orion-2p-3p","status":"publish","type":"product","link":"https:\/\/ardey.com.ec\/?product=orion-2p-3p","title":{"rendered":"T\u00e1ndem Ori\u00f3n-Atlanta"},"content":{"rendered":"<p><img loading=\"lazy\" class=\"alignnone size-medium wp-image-1788\" src=\"https:\/\/ardey.com.ec\/wp-content\/uploads\/2021\/08\/Diseno-sin-titulo-2021-08-19T114807.184-300x240.png\" alt=\"\" width=\"300\" height=\"240\" \/><\/p>\n","protected":false},"excerpt":{"rendered":"<div class=\"fusion-separator fusion-no-small-visibility fusion-full-width-sep\">\n<div class=\"fusion-separator-border sep-double sep-solid\"><\/div>\n<\/div>\n<div class=\"fusion-sep-clear\"><\/div>\n<div class=\"fusion-sep-clear\"><\/div>\n<div class=\"fusion-separator fusion-no-small-visibility fusion-full-width-sep\">\n<div class=\"fusion-separator-border sep-double sep-solid\"><\/div>\n<\/div>\n<div class=\"fusion-sep-clear\"><\/div>\n<div class=\"fusion-text fusion-text-1\">\n<h1><strong>TANDEM ORION-ATLANTA<\/strong><\/h1>\n<ul>\n<li>Mono conchas en polipropileno.<\/li>\n<li>Estructura met\u00e1lica con pintura electrost\u00e1tica negra.<\/li>\n<li>Patas met\u00e1licas con niveladores pl\u00e1sticos.<\/li>\n<li>Disponible en 2 \u2013 3 y 4 puestos.<\/li>\n<li>Especial para salas de espera<\/li>\n<li>Colores Varios<\/li>\n<\/ul>\n<\/div>\n","protected":false},"featured_media":1788,"template":"","meta":{"_joinchat":{"message_send":"Hola necesito informaci\u00f3n del T\u00e1ndem Ori\u00f3n"}},"product_cat":[26,43],"product_tag":[105,106,35,50,36,93],"_links":{"self":[{"href":"https:\/\/ardey.com.ec\/index.php?rest_route=\/wp\/v2\/product\/1787"}],"collection":[{"href":"https:\/\/ardey.com.ec\/index.php?rest_route=\/wp\/v2\/product"}],"about":[{"href":"https:\/\/ardey.com.ec\/index.php?rest_route=\/wp\/v2\/types\/product"}],"wp:featuredmedia":[{"embeddable":true,"href":"https:\/\/ardey.com.ec\/index.php?rest_route=\/wp\/v2\/media\/1788"}],"wp:attachment":[{"href":"https:\/\/ardey.com.ec\/index.php?rest_route=%2Fwp%2Fv2%2Fmedia&parent=1787"}],"wp:term":[{"taxonomy":"product_cat","embeddable":true,"href":"https:\/\/ardey.com.ec\/index.php?rest_route=%2Fwp%2Fv2%2Fproduct_cat&post=1787"},{"taxonomy":"product_tag","embeddable":true,"href":"https:\/\/ardey.com.ec\/index.php?rest_route=%2Fwp%2Fv2%2Fproduct_tag&post=1787"}],"curies":[{"name":"wp","href":"https:\/\/api.w.org\/{rel}","templated":true}]}}